{"id":1350,"date":"2025-03-31T17:48:52","date_gmt":"2025-03-31T15:48:52","guid":{"rendered":"https:\/\/www.nordelektro.sk\/dienstleistungen\/"},"modified":"2026-02-11T13:43:38","modified_gmt":"2026-02-11T12:43:38","slug":"dienstleistungen","status":"publish","type":"page","link":"https:\/\/www.nordelektro.sk\/de\/dienstleistungen\/","title":{"rendered":"Dienstleistungen"},"content":{"rendered":"\t\t<div data-elementor-type=\"wp-page\" data-elementor-id=\"1350\" class=\"elementor elementor-1350 elementor-16\">\n\t\t\t\t<div class=\"wd-negative-gap elementor-element elementor-element-afacd45 wd-section-stretch e-flex e-con-boxed e-con e-parent\" data-id=\"afacd45\" data-element_type=\"container\" data-e-type=\"container\" data-settings=\"{&quot;background_background&quot;:&quot;classic&quot;,&quot;shape_divider_bottom&quot;:&quot;wd_triangle&quot;}\">\n\t\t\t\t\t<div class=\"e-con-inner\">\n\t\t\t\t<div class=\"elementor-shape elementor-shape-bottom\" aria-hidden=\"true\" data-negative=\"false\">\n\t\t\t<svg xmlns=\"http:\/\/www.w3.org\/2000\/svg\" class=\"wd-divider\" xmlns:xlink=\"http:\/\/www.w3.org\/1999\/xlink\" x=\"0px\" y=\"0px\"\n\t viewBox=\"0 0 100 100\" width=\"100%\" height=\"3vw\" preserveAspectRatio=\"none\">\n\t<polygon class=\"elementor-shape-fill\" points=\"100,-30 100,30.8 98.5,70 96.9,30.3 95.3,70 93.7,30.3 92.2,70 90.6,30.3 89,70 87.5,30.3 85.9,70\n\t\t84.4,30.3 82.8,70 81.2,30.3 79.7,70 78.1,30.3 76.5,70 75,30.3 73.4,70 71.8,30.3 70.3,70 68.7,30.3 67.1,70 65.6,30.3 64,70\n\t\t62.4,30.3 60.9,70 59.3,30.3 57.7,70 56.2,30.3 54.6,70 53.1,30.3 51.5,70 49.9,30.3 48.4,70 46.8,30.3 45.2,70 43.7,30.3 42.1,70\n\t\t40.5,30.3 39,70 37.4,30.3 35.8,70 34.3,30.3 32.7,70 31.1,30.3 29.6,70 28,30.3 26.5,70 24.9,30.3 23.3,70 21.8,30.3 20.2,70\n\t\t18.6,30.3 17.1,70 15.5,30.3 14,70 12.4,30.3 10.8,70 9.3,30.3 7.7,70 6.1,30.3 4.6,70 3,30.3 1.4,70 0,30.3 0,33.5 0,-30 \t\"\/>\n<\/svg>\n\t\t<\/div>\n\t\t\t\t<div class=\"elementor-element elementor-element-38feed0 elementor-widget elementor-widget-heading\" data-id=\"38feed0\" data-element_type=\"widget\" data-e-type=\"widget\" data-widget_type=\"heading.default\">\n\t\t\t\t<div class=\"elementor-widget-container\">\n\t\t\t\t\t<h2 class=\"elementor-heading-title elementor-size-default\">Dienstleistungen<\/h2>\t\t\t\t<\/div>\n\t\t\t\t<\/div>\n\t\t\t\t\t<\/div>\n\t\t\t\t<\/div>\n\t\t<div class=\"wd-negative-gap elementor-element elementor-element-c67ddb9 e-flex e-con-boxed e-con e-parent\" data-id=\"c67ddb9\" data-element_type=\"container\" data-e-type=\"container\">\n\t\t\t\t\t<div class=\"e-con-inner\">\n\t\t\t\t<div class=\"elementor-element elementor-element-8b558a6 elementor-widget elementor-widget-wd_text_block\" data-id=\"8b558a6\" data-element_type=\"widget\" data-e-type=\"widget\" data-widget_type=\"wd_text_block.default\">\n\t\t\t\t<div class=\"elementor-widget-container\">\n\t\t\t\t\t\t\t<div class=\"wd-text-block reset-last-child text-center color-primary\">\n\t\t\t\n\t\t\t<p class=\"p1\">Wir stellen erfahrene Elektriker gem\u00e4\u00df Verordnung Nr. 22 zur Verf\u00fcgung, mit Deutschkenntnissen und Erfahrung in der Bau-Elektroinstallation und Automatisierung.<\/p>\n\t\t\t\t\t<\/div>\n\t\t\t\t\t\t<\/div>\n\t\t\t\t<\/div>\n\t\t\t\t\t<\/div>\n\t\t\t\t<\/div>\n\t\t<div class=\"wd-negative-gap elementor-element elementor-element-0d463e1 wd-section-stretch e-flex e-con-boxed e-con e-parent\" data-id=\"0d463e1\" data-element_type=\"container\" data-e-type=\"container\" id=\"elektrikarske-prace\">\n\t\t\t\t\t<div class=\"e-con-inner\">\n\t\t<div class=\"elementor-element elementor-element-0dbc245 e-con-full e-flex e-con e-child\" data-id=\"0dbc245\" data-element_type=\"container\" data-e-type=\"container\">\n\t\t\t\t<div class=\"elementor-element elementor-element-eb0683d elementor-position-inline-start elementor-mobile-position-inline-start elementor-view-default elementor-widget elementor-widget-icon-box\" data-id=\"eb0683d\" data-element_type=\"widget\" data-e-type=\"widget\" data-widget_type=\"icon-box.default\">\n\t\t\t\t<div class=\"elementor-widget-container\">\n\t\t\t\t\t\t\t<div class=\"elementor-icon-box-wrapper\">\n\n\t\t\t\t\t\t<div class=\"elementor-icon-box-icon\">\n\t\t\t\t<span  class=\"elementor-icon\">\n\t\t\t\t<svg xmlns=\"http:\/\/www.w3.org\/2000\/svg\" width=\"122\" height=\"249\" viewBox=\"0 0 122 249\" fill=\"none\"><path d=\"M46.154 241.455C48.0988 225.897 49.0712 211.311 51.016 195.753C51.9884 186.029 52.9606 175.333 53.933 165.609C53.933 161.72 54.9055 156.858 54.9055 152.968C54.9055 151.023 53.9329 150.051 51.9881 150.051C35.4576 151.023 18.927 151.023 3.36884 151.996C2.39646 151.996 1.42419 152.968 0.451805 151.996C-0.520581 151.023 0.451864 150.051 1.42425 149.079C7.25856 136.438 14.0652 123.797 19.8995 112.128C30.5958 90.7355 41.2919 69.3429 51.9881 47.9504C59.7672 32.3923 67.5463 15.8618 76.2978 0.303589C76.2978 6.1379 75.3255 12.9445 74.3532 18.7789C72.4084 34.337 71.436 49.8953 69.4912 66.4258C68.5189 76.1497 67.5463 86.8458 66.5739 96.5697C66.5739 100.459 66.5741 100.459 70.4637 100.459C86.0218 99.487 101.58 99.487 117.138 98.5146C119.083 98.5146 120.055 98.5145 122 99.4869C117.138 110.183 111.304 119.907 106.442 130.603C102.552 138.382 98.6629 146.161 94.7733 153.941C92.8285 156.858 90.8838 159.775 89.9114 162.692C84.0771 173.388 79.215 184.084 73.3807 194.781C64.6292 212.284 56.8501 228.814 48.0986 246.317C48.0986 246.317 48.0986 247.29 48.0986 248.262C44.2091 246.317 47.1264 243.4 46.154 241.455Z\" fill=\"#428CEC\"><\/path><\/svg>\t\t\t\t<\/span>\n\t\t\t<\/div>\n\t\t\t\n\t\t\t\t\t\t<div class=\"elementor-icon-box-content\">\n\n\t\t\t\t\n\t\t\t\t\t\t\t\t\t<p class=\"elementor-icon-box-description\">\n\t\t\t\t\t\tFachkompetenz auf jedem Meter\t\t\t\t\t<\/p>\n\t\t\t\t\n\t\t\t<\/div>\n\t\t\t\n\t\t<\/div>\n\t\t\t\t\t\t<\/div>\n\t\t\t\t<\/div>\n\t\t\t\t<div class=\"elementor-element elementor-element-bca7c8b elementor-widget elementor-widget-heading\" data-id=\"bca7c8b\" data-element_type=\"widget\" data-e-type=\"widget\" data-widget_type=\"heading.default\">\n\t\t\t\t<div class=\"elementor-widget-container\">\n\t\t\t\t\t<h2 class=\"elementor-heading-title elementor-size-default\">Elektroarbeiten<\/h2>\t\t\t\t<\/div>\n\t\t\t\t<\/div>\n\t\t\t\t<div class=\"elementor-element elementor-element-c03fbb2 text-center color-scheme-inherit elementor-widget elementor-widget-text-editor\" data-id=\"c03fbb2\" data-element_type=\"widget\" data-e-type=\"widget\" data-widget_type=\"text-editor.default\">\n\t\t\t\t<div class=\"elementor-widget-container\">\n\t\t\t\t\t\t\t\t\t<p>Wir sind spezialisiert auf die Bereitstellung erfahrener und qualifizierter Elektriker f\u00fcr Firmenkunden, Entwicklungsprojekte und technische Wartungsarbeiten. Unsere Mitarbeiter verf\u00fcgen \u00fcber eine g\u00fcltige Verordnung Nr. 22, Auslandserfahrung und die F\u00e4higkeit, selbstst\u00e4ndig an verschiedenen Arten von Auftr\u00e4gen zu arbeiten. Wir beherrschen Starkstrom und Schwachstrom, den Anschluss von Schalttafeln, das Verlegen von Leitungen, den Anschluss von Endpunkten sowie die Installation von Industriesystemen. Dank unserer Zuverl\u00e4ssigkeit, Schnelligkeit und Pr\u00e4zision ersetzen oder erg\u00e4nzen wir oft die internen Teams unserer Kunden \u2013 flexibel und ohne Verz\u00f6gerungen.<\/p>\t\t\t\t\t\t\t\t<\/div>\n\t\t\t\t<\/div>\n\t\t\t\t<\/div>\n\t\t<div class=\"elementor-element elementor-element-8ce5f2c e-con-full e-flex e-con e-child\" data-id=\"8ce5f2c\" data-element_type=\"container\" data-e-type=\"container\" data-settings=\"{&quot;background_background&quot;:&quot;classic&quot;}\">\n\t\t\t\t<\/div>\n\t\t\t\t\t<\/div>\n\t\t\t\t<\/div>\n\t\t<div class=\"wd-negative-gap elementor-element elementor-element-2a4a3a8 wd-section-stretch e-flex e-con-boxed e-con e-parent\" data-id=\"2a4a3a8\" data-element_type=\"container\" data-e-type=\"container\" id=\"stavebne-prace\" data-settings=\"{&quot;background_background&quot;:&quot;classic&quot;}\">\n\t\t\t\t\t<div class=\"e-con-inner\">\n\t\t<div class=\"elementor-element elementor-element-fcbc381 e-con-full e-flex e-con e-child\" data-id=\"fcbc381\" data-element_type=\"container\" data-e-type=\"container\">\n\t\t\t\t<div class=\"elementor-element elementor-element-13550d9 elementor-position-inline-start elementor-mobile-position-inline-start elementor-view-default elementor-widget elementor-widget-icon-box\" data-id=\"13550d9\" data-element_type=\"widget\" data-e-type=\"widget\" data-widget_type=\"icon-box.default\">\n\t\t\t\t<div class=\"elementor-widget-container\">\n\t\t\t\t\t\t\t<div class=\"elementor-icon-box-wrapper\">\n\n\t\t\t\t\t\t<div class=\"elementor-icon-box-icon\">\n\t\t\t\t<span  class=\"elementor-icon\">\n\t\t\t\t<svg xmlns=\"http:\/\/www.w3.org\/2000\/svg\" width=\"122\" height=\"249\" viewBox=\"0 0 122 249\" fill=\"none\"><path d=\"M46.154 241.455C48.0988 225.897 49.0712 211.311 51.016 195.753C51.9884 186.029 52.9606 175.333 53.933 165.609C53.933 161.72 54.9055 156.858 54.9055 152.968C54.9055 151.023 53.9329 150.051 51.9881 150.051C35.4576 151.023 18.927 151.023 3.36884 151.996C2.39646 151.996 1.42419 152.968 0.451805 151.996C-0.520581 151.023 0.451864 150.051 1.42425 149.079C7.25856 136.438 14.0652 123.797 19.8995 112.128C30.5958 90.7355 41.2919 69.3429 51.9881 47.9504C59.7672 32.3923 67.5463 15.8618 76.2978 0.303589C76.2978 6.1379 75.3255 12.9445 74.3532 18.7789C72.4084 34.337 71.436 49.8953 69.4912 66.4258C68.5189 76.1497 67.5463 86.8458 66.5739 96.5697C66.5739 100.459 66.5741 100.459 70.4637 100.459C86.0218 99.487 101.58 99.487 117.138 98.5146C119.083 98.5146 120.055 98.5145 122 99.4869C117.138 110.183 111.304 119.907 106.442 130.603C102.552 138.382 98.6629 146.161 94.7733 153.941C92.8285 156.858 90.8838 159.775 89.9114 162.692C84.0771 173.388 79.215 184.084 73.3807 194.781C64.6292 212.284 56.8501 228.814 48.0986 246.317C48.0986 246.317 48.0986 247.29 48.0986 248.262C44.2091 246.317 47.1264 243.4 46.154 241.455Z\" fill=\"#428CEC\"><\/path><\/svg>\t\t\t\t<\/span>\n\t\t\t<\/div>\n\t\t\t\n\t\t\t\t\t\t<div class=\"elementor-icon-box-content\">\n\n\t\t\t\t\n\t\t\t\t\t\t\t\t\t<p class=\"elementor-icon-box-description\">\n\t\t\t\t\t\tWir denken an jedes Detail\t\t\t\t\t<\/p>\n\t\t\t\t\n\t\t\t<\/div>\n\t\t\t\n\t\t<\/div>\n\t\t\t\t\t\t<\/div>\n\t\t\t\t<\/div>\n\t\t\t\t<div class=\"elementor-element elementor-element-df5e1f9 elementor-widget elementor-widget-heading\" data-id=\"df5e1f9\" data-element_type=\"widget\" data-e-type=\"widget\" data-widget_type=\"heading.default\">\n\t\t\t\t<div class=\"elementor-widget-container\">\n\t\t\t\t\t<h2 class=\"elementor-heading-title elementor-size-default\">Bauarbeiten<\/h2>\t\t\t\t<\/div>\n\t\t\t\t<\/div>\n\t\t\t\t<div class=\"elementor-element elementor-element-185cfda color-scheme-inherit text-left elementor-widget elementor-widget-text-editor\" data-id=\"185cfda\" data-element_type=\"widget\" data-e-type=\"widget\" data-widget_type=\"text-editor.default\">\n\t\t\t\t<div class=\"elementor-widget-container\">\n\t\t\t\t\t\t\t\t\t<p>Im Rahmen gr\u00f6\u00dferer Projekte realisieren wir auch komplette Bau-Elektroinstallationen inklusive der dazugeh\u00f6rigen Bauarbeiten. Wir k\u00fcmmern uns um das Verlegen von Kabeltrassen in W\u00e4nden, die Montage von Schalttafeln, den Anschluss von Steckdosen, Leuchten und die Vorbereitung f\u00fcr intelligente Systeme. Gleichzeitig k\u00f6nnen wir Hilfs- und Bauarbeiten vor Ort sicherstellen \u2013 sei es Abbrucharbeiten, Montagen, Schlitzarbeiten oder Anpassungen vor der Elektroinstallation. Unsere Kunden sch\u00e4tzen unsere Mitarbeiter f\u00fcr ihre Selbstst\u00e4ndigkeit, ihr technisches Denken und ihren zuverl\u00e4ssigen Arbeitsansatz im Au\u00dfendienst.   <\/p>\t\t\t\t\t\t\t\t<\/div>\n\t\t\t\t<\/div>\n\t\t\t\t<\/div>\n\t\t<div class=\"elementor-element elementor-element-2f2819d e-con-full e-flex e-con e-child\" data-id=\"2f2819d\" data-element_type=\"container\" data-e-type=\"container\" data-settings=\"{&quot;background_background&quot;:&quot;classic&quot;}\">\n\t\t\t\t<\/div>\n\t\t\t\t\t<\/div>\n\t\t\t\t<\/div>\n\t\t<div class=\"wd-negative-gap elementor-element elementor-element-21dbfc1 wd-section-stretch e-flex e-con-boxed e-con e-parent\" data-id=\"21dbfc1\" data-element_type=\"container\" data-e-type=\"container\" id=\"personalne-sluzby\">\n\t\t\t\t\t<div class=\"e-con-inner\">\n\t\t<div class=\"elementor-element elementor-element-40cfdd5 e-con-full e-flex e-con e-child\" data-id=\"40cfdd5\" data-element_type=\"container\" data-e-type=\"container\">\n\t\t\t\t<div class=\"elementor-element elementor-element-2379a48 elementor-position-inline-start elementor-mobile-position-inline-start elementor-view-default elementor-widget elementor-widget-icon-box\" data-id=\"2379a48\" data-element_type=\"widget\" data-e-type=\"widget\" data-widget_type=\"icon-box.default\">\n\t\t\t\t<div class=\"elementor-widget-container\">\n\t\t\t\t\t\t\t<div class=\"elementor-icon-box-wrapper\">\n\n\t\t\t\t\t\t<div class=\"elementor-icon-box-icon\">\n\t\t\t\t<span  class=\"elementor-icon\">\n\t\t\t\t<svg xmlns=\"http:\/\/www.w3.org\/2000\/svg\" width=\"122\" height=\"249\" viewBox=\"0 0 122 249\" fill=\"none\"><path d=\"M46.154 241.455C48.0988 225.897 49.0712 211.311 51.016 195.753C51.9884 186.029 52.9606 175.333 53.933 165.609C53.933 161.72 54.9055 156.858 54.9055 152.968C54.9055 151.023 53.9329 150.051 51.9881 150.051C35.4576 151.023 18.927 151.023 3.36884 151.996C2.39646 151.996 1.42419 152.968 0.451805 151.996C-0.520581 151.023 0.451864 150.051 1.42425 149.079C7.25856 136.438 14.0652 123.797 19.8995 112.128C30.5958 90.7355 41.2919 69.3429 51.9881 47.9504C59.7672 32.3923 67.5463 15.8618 76.2978 0.303589C76.2978 6.1379 75.3255 12.9445 74.3532 18.7789C72.4084 34.337 71.436 49.8953 69.4912 66.4258C68.5189 76.1497 67.5463 86.8458 66.5739 96.5697C66.5739 100.459 66.5741 100.459 70.4637 100.459C86.0218 99.487 101.58 99.487 117.138 98.5146C119.083 98.5146 120.055 98.5145 122 99.4869C117.138 110.183 111.304 119.907 106.442 130.603C102.552 138.382 98.6629 146.161 94.7733 153.941C92.8285 156.858 90.8838 159.775 89.9114 162.692C84.0771 173.388 79.215 184.084 73.3807 194.781C64.6292 212.284 56.8501 228.814 48.0986 246.317C48.0986 246.317 48.0986 247.29 48.0986 248.262C44.2091 246.317 47.1264 243.4 46.154 241.455Z\" fill=\"#428CEC\"><\/path><\/svg>\t\t\t\t<\/span>\n\t\t\t<\/div>\n\t\t\t\n\t\t\t\t\t\t<div class=\"elementor-icon-box-content\">\n\n\t\t\t\t\n\t\t\t\t\t\t\t\t\t<p class=\"elementor-icon-box-description\">\n\t\t\t\t\t\tPersonal, das funktioniert\t\t\t\t\t<\/p>\n\t\t\t\t\n\t\t\t<\/div>\n\t\t\t\n\t\t<\/div>\n\t\t\t\t\t\t<\/div>\n\t\t\t\t<\/div>\n\t\t\t\t<div class=\"elementor-element elementor-element-887303d elementor-widget elementor-widget-heading\" data-id=\"887303d\" data-element_type=\"widget\" data-e-type=\"widget\" data-widget_type=\"heading.default\">\n\t\t\t\t<div class=\"elementor-widget-container\">\n\t\t\t\t\t<h2 class=\"elementor-heading-title elementor-size-default\">Personaldienstleistungen<\/h2>\t\t\t\t<\/div>\n\t\t\t\t<\/div>\n\t\t\t\t<div class=\"elementor-element elementor-element-2815510 color-scheme-inherit text-left elementor-widget elementor-widget-text-editor\" data-id=\"2815510\" data-element_type=\"widget\" data-e-type=\"widget\" data-widget_type=\"text-editor.default\">\n\t\t\t\t<div class=\"elementor-widget-container\">\n\t\t\t\t\t\t\t\t\t<p>Wir vermitteln qualifizierte Fachkr\u00e4fte an Unternehmen, die ihr Team schnell und effizient verst\u00e4rken m\u00fcssen. Am h\u00e4ufigsten arbeiten wir an Projekten in Deutschland und \u00d6sterreich zusammen, wo wir Elektriker und Mitarbeiter f\u00fcr allgemeine Bauarbeiten bereitstellen. Unsere Mitarbeiter verf\u00fcgen \u00fcber Auslandserfahrung, beherrschen die deutsche Sprache auf Arbeitsniveau und sind bereit, sofort einzusteigen. Die Zusammenarbeit gestalten wir je nach Bedarf \u2013 von kurzfristigen Aushilfen bis hin zu langfristigen Entsendungen. Kunden sch\u00e4tzen unsere Flexibilit\u00e4t, fairen Bedingungen und den menschlichen Umgang.    <\/p>\t\t\t\t\t\t\t\t<\/div>\n\t\t\t\t<\/div>\n\t\t\t\t<\/div>\n\t\t<div class=\"elementor-element elementor-element-2d66018 e-con-full e-flex e-con e-child\" data-id=\"2d66018\" data-element_type=\"container\" data-e-type=\"container\" data-settings=\"{&quot;background_background&quot;:&quot;classic&quot;}\">\n\t\t\t\t<\/div>\n\t\t\t\t\t<\/div>\n\t\t\t\t<\/div>\n\t\t<div class=\"wd-negative-gap elementor-element elementor-element-e50c4d0 wd-section-stretch e-flex e-con-boxed e-con e-parent\" data-id=\"e50c4d0\" data-element_type=\"container\" data-e-type=\"container\" data-settings=\"{&quot;background_background&quot;:&quot;classic&quot;}\">\n\t\t\t\t\t<div class=\"e-con-inner\">\n\t\t<div class=\"elementor-element elementor-element-4488044 e-con-full e-flex e-con e-child\" data-id=\"4488044\" data-element_type=\"container\" data-e-type=\"container\">\n\t\t\t\t<div class=\"elementor-element elementor-element-0c3dfb5 elementor-widget elementor-widget-icon-box\" data-id=\"0c3dfb5\" data-element_type=\"widget\" data-e-type=\"widget\" data-widget_type=\"icon-box.default\">\n\t\t\t\t<div class=\"elementor-widget-container\">\n\t\t\t\t\t\t\t<div class=\"elementor-icon-box-wrapper\">\n\n\t\t\t\n\t\t\t\t\t\t<div class=\"elementor-icon-box-content\">\n\n\t\t\t\t\t\t\t\t\t<h3 class=\"elementor-icon-box-title\">\n\t\t\t\t\t\t<span  >\n\t\t\t\t\t\t\tSehen Sie sich unsere Projekte an\t\t\t\t\t\t<\/span>\n\t\t\t\t\t<\/h3>\n\t\t\t\t\n\t\t\t\t\t\t\t\t\t<p class=\"elementor-icon-box-description\">\n\t\t\t\t\t\tKurze Referenzen mit Firmennamen, Art der Arbeit, Dauer.\t\t\t\t\t<\/p>\n\t\t\t\t\n\t\t\t<\/div>\n\t\t\t\n\t\t<\/div>\n\t\t\t\t\t\t<\/div>\n\t\t\t\t<\/div>\n\t\t\t\t<\/div>\n\t\t<div class=\"elementor-element elementor-element-2aa056c e-con-full e-flex e-con e-child\" data-id=\"2aa056c\" data-element_type=\"container\" data-e-type=\"container\">\n\t\t\t\t<div class=\"elementor-element elementor-element-e7962d8 elementor-align-right elementor-tablet-align-center elementor-widget elementor-widget-button\" data-id=\"e7962d8\" data-element_type=\"widget\" data-e-type=\"widget\" data-widget_type=\"button.default\">\n\t\t\t\t<div class=\"elementor-widget-container\">\n\t\t\t\t\t\t\t\t\t<div class=\"elementor-button-wrapper\">\n\t\t\t\t\t<a class=\"elementor-button elementor-button-link elementor-size-sm\" href=\"https:\/\/www.nordelektro.sk\/de\/referenzen\/\">\n\t\t\t\t\t\t<span class=\"elementor-button-content-wrapper\">\n\t\t\t\t\t\t\t\t\t<span class=\"elementor-button-text\">Referenzen<\/span>\n\t\t\t\t\t<\/span>\n\t\t\t\t\t<\/a>\n\t\t\t\t<\/div>\n\t\t\t\t\t\t\t\t<\/div>\n\t\t\t\t<\/div>\n\t\t\t\t<\/div>\n\t\t\t\t\t<\/div>\n\t\t\t\t<\/div>\n\t\t\t\t<\/div>\n\t\t","protected":false},"excerpt":{"rendered":"<p>Dienstleistungen Wir stellen erfahrene Elektriker gem\u00e4\u00df Verordnung Nr. 22 zur Verf\u00fcgung, mit Deutschkenntnissen und Erfahrung in der Bau-Elektroinstallation und Automatisierung.<\/p>\n","protected":false},"author":1,"featured_media":0,"parent":0,"menu_order":0,"comment_status":"closed","ping_status":"closed","template":"","meta":{"footnotes":""},"class_list":["post-1350","page","type-page","status-publish","hentry"],"_links":{"self":[{"href":"https:\/\/www.nordelektro.sk\/de\/wp-json\/wp\/v2\/pages\/1350","targetHints":{"allow":["GET"]}}],"collection":[{"href":"https:\/\/www.nordelektro.sk\/de\/wp-json\/wp\/v2\/pages"}],"about":[{"href":"https:\/\/www.nordelektro.sk\/de\/wp-json\/wp\/v2\/types\/page"}],"author":[{"embeddable":true,"href":"https:\/\/www.nordelektro.sk\/de\/wp-json\/wp\/v2\/users\/1"}],"replies":[{"embeddable":true,"href":"https:\/\/www.nordelektro.sk\/de\/wp-json\/wp\/v2\/comments?post=1350"}],"version-history":[{"count":1,"href":"https:\/\/www.nordelektro.sk\/de\/wp-json\/wp\/v2\/pages\/1350\/revisions"}],"predecessor-version":[{"id":1356,"href":"https:\/\/www.nordelektro.sk\/de\/wp-json\/wp\/v2\/pages\/1350\/revisions\/1356"}],"wp:attachment":[{"href":"https:\/\/www.nordelektro.sk\/de\/wp-json\/wp\/v2\/media?parent=1350"}],"curies":[{"name":"wp","href":"https:\/\/api.w.org\/{rel}","templated":true}]}}